{"id":6674,"date":"2022-08-12T21:14:59","date_gmt":"2022-08-12T19:14:59","guid":{"rendered":"https:\/\/ayuntamientobonar.org\/city-council\/municipal-corporation\/"},"modified":"2024-05-16T11:20:34","modified_gmt":"2024-05-16T09:20:34","slug":"municipal-corporation","status":"publish","type":"page","link":"https:\/\/ayuntamientobonar.org\/en\/city-council\/municipal-corporation\/","title":{"rendered":"Municipal Corporation"},"content":{"rendered":"<p>[et_pb_section fb_built=&#8221;1&#8243; next_background_color=&#8221;#ffffff&#8221; admin_label=&#8221;Hero&#8221; _builder_version=&#8221;4.25.1&#8243; use_background_color_gradient=&#8221;on&#8221; background_color_gradient_direction=&#8221;70deg&#8221; background_color_gradient_stops=&#8221;#283d4b 0%|rgba(128,103,79,0.5) 100%&#8221; background_color_gradient_overlays_image=&#8221;on&#8221; background_color_gradient_start=&#8221;#283d4b&#8221; background_color_gradient_end=&#8221;rgba(128,103,79,0.5)&#8221; background_image=&#8221;https:\/\/ayuntamientobonar.org\/wp-content\/uploads\/2021\/05\/business-01.jpg&#8221; custom_margin=&#8221;||||false|false&#8221; custom_padding=&#8221;4vw||||false|false&#8221; bottom_divider_style=&#8221;slant2&#8243; bottom_divider_height=&#8221;1vw&#8221; bottom_divider_repeat=&#8221;0.5x&#8221; bottom_divider_flip=&#8221;horizontal|vertical&#8221; animation_style=&#8221;fade&#8221; hover_enabled=&#8221;0&#8243; global_colors_info=&#8221;{}&#8221; custom_padding_last_edited=&#8221;on|desktop&#8221; sticky_enabled=&#8221;0&#8243; custom_padding_tablet=&#8221;2vw||||false|false&#8221; custom_padding_phone=&#8221;2vw||||false|false&#8221;][et_pb_row _builder_version=&#8221;4.16&#8243; custom_margin=&#8221;|||&#8221; custom_padding=&#8221;27px|0px|0|0px|false|false&#8221; global_colors_info=&#8221;{}&#8221;][et_pb_column type=&#8221;4_4&#8243; _builder_version=&#8221;4.16&#8243; custom_padding=&#8221;|||&#8221; global_colors_info=&#8221;{}&#8221; custom_padding__hover=&#8221;|||&#8221;][et_pb_text _builder_version=&#8221;4.22.2&#8243; text_font=&#8221;||||||||&#8221; header_font=&#8221;Josefin Sans|700||on|||||&#8221; header_font_size=&#8221;80px&#8221; header_line_height=&#8221;1.4em&#8221; header_2_font=&#8221;Josefin Sans||||||||&#8221; header_2_text_color=&#8221;rgba(255,255,255,0.6)&#8221; header_2_font_size=&#8221;30px&#8221; header_2_line_height=&#8221;1.4em&#8221; background_layout=&#8221;dark&#8221; animation_style=&#8221;slide&#8221; animation_direction=&#8221;right&#8221; animation_intensity_slide=&#8221;4%&#8221; header_font_size_tablet=&#8221;50px&#8221; header_font_size_phone=&#8221;32px&#8221; header_font_size_last_edited=&#8221;on|desktop&#8221; header_2_font_size_tablet=&#8221;28px&#8221; header_2_font_size_phone=&#8221;22px&#8221; header_2_font_size_last_edited=&#8221;on|desktop&#8221; global_colors_info=&#8221;{}&#8221;]<\/p>\n<h1>Municipal Corporation<\/h1>\n<h2>Bo\u00f1ar City Council<\/h2>\n<p>[\/et_pb_text][\/et_pb_column][\/et_pb_row][et_pb_row use_custom_gutter=&#8221;on&#8221; gutter_width=&#8221;1&#8243; disabled_on=&#8221;on|off|off&#8221; module_class=&#8221; et_pb_row_fullwidth&#8221; _builder_version=&#8221;4.16&#8243; width=&#8221;100%&#8221; width_tablet=&#8221;100%&#8221; width_phone=&#8221;&#8221; width_last_edited=&#8221;on|desktop&#8221; max_width=&#8221;100%&#8221; max_width_tablet=&#8221;100%&#8221; max_width_phone=&#8221;&#8221; max_width_last_edited=&#8221;on|desktop&#8221; make_fullwidth=&#8221;on&#8221; locked=&#8221;off&#8221; global_colors_info=&#8221;{}&#8221;][et_pb_column type=&#8221;4_4&#8243; _builder_version=&#8221;4.16&#8243; custom_padding=&#8221;|||&#8221; global_colors_info=&#8221;{}&#8221; custom_padding__hover=&#8221;|||&#8221;][et_pb_text _builder_version=&#8221;4.22.2&#8243; text_font=&#8221;Josefin Sans|700||on|||||&#8221; text_text_color=&#8221;rgba(255,255,255,0.2)&#8221; text_font_size=&#8221;8vw&#8221; text_line_height=&#8221;1em&#8221; quote_font=&#8221;||||||||&#8221; header_font=&#8221;||||||||&#8221; custom_margin=&#8221;||-0.4em|&#8221; custom_padding=&#8221;|||&#8221; filter_blur=&#8221;7px&#8221; animation_style=&#8221;slide&#8221; animation_direction=&#8221;right&#8221; animation_duration=&#8221;10000ms&#8221; animation_intensity_slide=&#8221;10%&#8221; animation_starting_opacity=&#8221;40%&#8221; animation_speed_curve=&#8221;linear&#8221; text_font_size_tablet=&#8221;10vw&#8221; text_font_size_phone=&#8221;&#8221; text_font_size_last_edited=&#8221;on|phone&#8221; global_colors_info=&#8221;{}&#8221;]<\/p>\n<p>Corporation<\/p>\n<p>[\/et_pb_text][\/et_pb_column][\/et_pb_row][\/et_pb_section][et_pb_section fb_built=&#8221;1&#8243; _builder_version=&#8221;4.16&#8243; _module_preset=&#8221;default&#8221; animation_style=&#8221;fade&#8221; global_colors_info=&#8221;{}&#8221; custom_padding=&#8221;40px||0px|||&#8221;][et_pb_row _builder_version=&#8221;4.16&#8243; _module_preset=&#8221;default&#8221; global_colors_info=&#8221;{}&#8221;][et_pb_column type=&#8221;4_4&#8243; _builder_version=&#8221;4.16&#8243; _module_preset=&#8221;default&#8221; global_colors_info=&#8221;{}&#8221;][et_pb_text _builder_version=&#8221;4.16&#8243; _module_preset=&#8221;default&#8221; header_2_font=&#8221;|700||on|||||&#8221; header_2_font_size=&#8221;32px&#8221; global_colors_info=&#8221;{}&#8221;]<\/p>\n<h2 style=\"text-align: center;\">Municipal Corporation of the City Council of Bo\u00f1ar<\/h2>\n<p>[\/et_pb_text][\/et_pb_column][\/et_pb_row][\/et_pb_section][et_pb_section fb_built=&#8221;1&#8243; custom_padding_last_edited=&#8221;off|desktop&#8221; admin_label=&#8221;Services&#8221; _builder_version=&#8221;4.16&#8243; custom_padding=&#8221;0px||||false|false&#8221; animation_style=&#8221;fade&#8221; global_colors_info=&#8221;{}&#8221;][et_pb_row _builder_version=&#8221;4.16&#8243; global_colors_info=&#8221;{}&#8221;][et_pb_column type=&#8221;4_4&#8243; _builder_version=&#8221;4.16&#8243; custom_padding=&#8221;|||&#8221; global_colors_info=&#8221;{}&#8221; custom_padding__hover=&#8221;|||&#8221;][et_pb_blurb use_icon=&#8221;on&#8221; font_icon=&#8221;&#xe0f2;||divi||400&#8243; icon_color=&#8221;#bdad9b&#8221; _builder_version=&#8221;4.16&#8243; max_width=&#8221;96px&#8221; global_colors_info=&#8221;{}&#8221;][\/et_pb_blurb][\/et_pb_column][\/et_pb_row][et_pb_row _builder_version=&#8221;4.16&#8243; animation_direction=&#8221;right&#8221; global_colors_info=&#8221;{}&#8221;][et_pb_column type=&#8221;4_4&#8243; _builder_version=&#8221;4.16&#8243; custom_padding=&#8221;|||&#8221; global_colors_info=&#8221;{}&#8221; custom_padding__hover=&#8221;|||&#8221;][et_pb_blurb title=&#8221;PSOE&#8221; image=&#8221;https:\/\/ayuntamientobonar.org\/wp-content\/uploads\/2021\/05\/psoe.png&#8221; alt=&#8221;PSOE&#8221; icon_placement=&#8221;left&#8221; content_max_width=&#8221;90%&#8221; _builder_version=&#8221;4.25.1&#8243; header_font=&#8221;Josefin Sans||on||||||&#8221; header_font_size=&#8221;20px&#8221; header_line_height=&#8221;1.9em&#8221; body_font=&#8221;||||||||&#8221; body_font_size=&#8221;18px&#8221; body_line_height=&#8221;1.4em&#8221; custom_margin=&#8221;||0px|&#8221; animation_style=&#8221;slide&#8221; animation_direction=&#8221;right&#8221; animation_intensity_slide=&#8221;4%&#8221; animation=&#8221;off&#8221; hover_enabled=&#8221;0&#8243; box_shadow_style_image=&#8221;preset2&#8243; locked=&#8221;off&#8221; global_colors_info=&#8221;{}&#8221; body_font_size_last_edited=&#8221;on|phone&#8221; sticky_enabled=&#8221;0&#8243; body_font_size_tablet=&#8221;16px&#8221; body_font_size_phone=&#8221;14px&#8221;]<\/p>\n<ul>\n<li style=\"text-align: left;\"><a href=\"https:\/\/ayuntamientobonar.org\/en\/#Saludo-del-Alcalde\" title=\"Mayor-President\"><strong>Pepe Villa S\u00e1ez \u2013 Mayor-President<\/strong><\/a><\/li>\n<li style=\"text-align: left;\">Ceferino Gil Benito \u2013 1st deputy mayor \/ councillor for Construction and Urban Development<\/li>\n<li>Andr\u00e9s Gonz\u00e1lez Gonz\u00e1lez &#8211; 2nd Deputy Mayor \/ councillor for Culture, Tourism and Festivities<\/li>\n<li>Pablo Tejerina Arias &#8211; 3rd deputy mayor \/ Councillor for Sports, the Environment and Youth<\/li>\n<\/ul>\n<p>[\/et_pb_blurb][\/et_pb_column][\/et_pb_row][et_pb_row _builder_version=&#8221;4.16&#8243; animation_direction=&#8221;right&#8221; global_colors_info=&#8221;{}&#8221;][et_pb_column type=&#8221;4_4&#8243; _builder_version=&#8221;4.16&#8243; custom_padding=&#8221;|||&#8221; global_colors_info=&#8221;{}&#8221; custom_padding__hover=&#8221;|||&#8221;][et_pb_blurb title=&#8221;PP&#8221; image=&#8221;https:\/\/ayuntamientobonar.org\/wp-content\/uploads\/2021\/05\/pp.png&#8221; alt=&#8221;PP&#8221; icon_placement=&#8221;left&#8221; content_max_width=&#8221;90%&#8221; _builder_version=&#8221;4.25.1&#8243; header_font=&#8221;Josefin Sans||on||||||&#8221; header_font_size=&#8221;20px&#8221; header_line_height=&#8221;1.9em&#8221; body_font=&#8221;||||||||&#8221; body_font_size=&#8221;18px&#8221; body_line_height=&#8221;1.4em&#8221; custom_margin=&#8221;||0px|&#8221; animation_style=&#8221;slide&#8221; animation_direction=&#8221;right&#8221; animation_intensity_slide=&#8221;4%&#8221; animation=&#8221;off&#8221; box_shadow_style_image=&#8221;preset2&#8243; locked=&#8221;off&#8221; global_colors_info=&#8221;{}&#8221; body_font_size_tablet=&#8221;16px&#8221; body_font_size_phone=&#8221;14px&#8221; body_font_size_last_edited=&#8221;on|phone&#8221; hover_enabled=&#8221;0&#8243; sticky_enabled=&#8221;0&#8243;]<\/p>\n<ul>\n<li>Luis Alfonso Rodr\u00edguez Bravo &#8211; Councillor<\/li>\n<li>Lorenzo Poblaci\u00f3n Rodr\u00edguez &#8211; Councillor<\/li>\n<li>Natalia S\u00e1nchez Mu\u00f1iz &#8211; councillor<\/li>\n<li>Nuria G\u00f3mez Arias &#8211; councillor<\/li>\n<\/ul>\n<p>[\/et_pb_blurb][\/et_pb_column][\/et_pb_row][et_pb_row _builder_version=&#8221;4.16&#8243; animation_direction=&#8221;right&#8221; global_colors_info=&#8221;{}&#8221;][et_pb_column type=&#8221;4_4&#8243; _builder_version=&#8221;4.16&#8243; custom_padding=&#8221;|||&#8221; global_colors_info=&#8221;{}&#8221; custom_padding__hover=&#8221;|||&#8221;][et_pb_blurb title=&#8221;IU-PODEMOS&#8221; image=&#8221;https:\/\/ayuntamientobonar.org\/wp-content\/uploads\/2023\/10\/Izquierda-Unida-Podemos.png&#8221; alt=&#8221;Izquierda Unida Podemos&#8221; icon_placement=&#8221;left&#8221; content_max_width=&#8221;90%&#8221; _builder_version=&#8221;4.22.2&#8243; header_font=&#8221;Josefin Sans||on||||||&#8221; header_font_size=&#8221;20px&#8221; header_line_height=&#8221;1.9em&#8221; body_font=&#8221;||||||||&#8221; body_font_size=&#8221;18px&#8221; body_line_height=&#8221;1.4em&#8221; custom_margin=&#8221;||0px|&#8221; animation_style=&#8221;slide&#8221; animation_direction=&#8221;right&#8221; animation_intensity_slide=&#8221;4%&#8221; animation=&#8221;off&#8221; box_shadow_style_image=&#8221;preset2&#8243; locked=&#8221;off&#8221; global_colors_info=&#8221;{}&#8221; body_font_size_tablet=&#8221;16px&#8221; body_font_size_phone=&#8221;14px&#8221; body_font_size_last_edited=&#8221;on|phone&#8221;]<\/p>\n<ul>\n<li>Mariana Fern\u00e1ndez Morales &#8211; Councillor<\/li>\n<\/ul>\n<p>[\/et_pb_blurb][\/et_pb_column][\/et_pb_row][\/et_pb_section]<\/p>\n","protected":false},"excerpt":{"rendered":"<p>Municipal Corporation Bo\u00f1ar City CouncilCorporationMunicipal Corporation of the City Council of Bo\u00f1ar Pepe Villa S\u00e1ez \u2013 Mayor-President Ceferino Gil Benito \u2013 1st deputy mayor \/ councillor for Construction and Urban Development Andr\u00e9s Gonz\u00e1lez Gonz\u00e1lez &#8211; 2nd Deputy Mayor \/ councillor for Culture, Tourism and Festivities Pablo Tejerina Arias &#8211; 3rd deputy mayor \/ Councillor for [&hellip;]<\/p>\n","protected":false},"author":1,"featured_media":5218,"parent":6662,"menu_order":0,"comment_status":"closed","ping_status":"closed","template":"","meta":{"_et_pb_use_builder":"on","_et_pb_old_content":"","_et_gb_content_width":"","footnotes":""},"class_list":["post-6674","page","type-page","status-publish","has-post-thumbnail","hentry"],"yoast_head":"<!-- This site is optimized with the Yoast SEO plugin v27.1.1 - https:\/\/yoast.com\/product\/yoast-seo-wordpress\/ -->\n<title>Municipal Corporation - Bo\u00f1ar City Council - Le\u00f3n - Castilla y Le\u00f3n<\/title>\n<meta name=\"description\" content=\"Members of the municipal corporation of the City Council of Bo\u00f1ar, Le\u00f3n, Castilla y Le\u00f3n.\" \/>\n<meta name=\"robots\" content=\"index, follow, max-snippet:-1, max-image-preview:large, max-video-preview:-1\" \/>\n<link rel=\"canonical\" href=\"https:\/\/ayuntamientobonar.org\/en\/city-council\/municipal-corporation\/\" \/>\n<meta property=\"og:locale\" content=\"en_US\" \/>\n<meta property=\"og:type\" content=\"article\" \/>\n<meta property=\"og:title\" content=\"Municipal Corporation - Bo\u00f1ar City Council - Le\u00f3n - Castilla y Le\u00f3n\" \/>\n<meta property=\"og:description\" content=\"Members of the municipal corporation of the City Council of Bo\u00f1ar, Le\u00f3n, Castilla y Le\u00f3n.\" \/>\n<meta property=\"og:url\" content=\"https:\/\/ayuntamientobonar.org\/en\/city-council\/municipal-corporation\/\" \/>\n<meta property=\"og:site_name\" content=\"Bo\u00f1ar City Council\" \/>\n<meta property=\"article:publisher\" content=\"https:\/\/www.facebook.com\/ayuntamientobonar\/\" \/>\n<meta property=\"article:modified_time\" content=\"2024-05-16T09:20:34+00:00\" \/>\n<meta property=\"og:image\" content=\"https:\/\/ayuntamientobonar.org\/wp-content\/uploads\/2021\/06\/Escudo-de-Bonar-Noticias-e1629922641186.png\" \/>\n\t<meta property=\"og:image:width\" content=\"200\" \/>\n\t<meta property=\"og:image:height\" content=\"367\" \/>\n\t<meta property=\"og:image:type\" content=\"image\/png\" \/>\n<meta name=\"twitter:card\" content=\"summary_large_image\" \/>\n<meta name=\"twitter:label1\" content=\"Est. reading time\" \/>\n\t<meta name=\"twitter:data1\" content=\"5 minutes\" \/>\n<script type=\"application\/ld+json\" class=\"yoast-schema-graph\">{\"@context\":\"https:\/\/schema.org\",\"@graph\":[{\"@type\":\"WebPage\",\"@id\":\"https:\/\/ayuntamientobonar.org\/en\/city-council\/municipal-corporation\/\",\"url\":\"https:\/\/ayuntamientobonar.org\/en\/city-council\/municipal-corporation\/\",\"name\":\"Municipal Corporation - Bo\u00f1ar City Council - Le\u00f3n - Castilla y Le\u00f3n\",\"isPartOf\":{\"@id\":\"https:\/\/ayuntamientobonar.org\/en\/#website\"},\"primaryImageOfPage\":{\"@id\":\"https:\/\/ayuntamientobonar.org\/en\/city-council\/municipal-corporation\/#primaryimage\"},\"image\":{\"@id\":\"https:\/\/ayuntamientobonar.org\/en\/city-council\/municipal-corporation\/#primaryimage\"},\"thumbnailUrl\":\"https:\/\/ayuntamientobonar.org\/wp-content\/uploads\/2021\/06\/Escudo-de-Bonar-Noticias-e1629922641186.png\",\"datePublished\":\"2022-08-12T19:14:59+00:00\",\"dateModified\":\"2024-05-16T09:20:34+00:00\",\"description\":\"Members of the municipal corporation of the City Council of Bo\u00f1ar, Le\u00f3n, Castilla y Le\u00f3n.\",\"breadcrumb\":{\"@id\":\"https:\/\/ayuntamientobonar.org\/en\/city-council\/municipal-corporation\/#breadcrumb\"},\"inLanguage\":\"en-US\",\"potentialAction\":[{\"@type\":\"ReadAction\",\"target\":[\"https:\/\/ayuntamientobonar.org\/en\/city-council\/municipal-corporation\/\"]}]},{\"@type\":\"ImageObject\",\"inLanguage\":\"en-US\",\"@id\":\"https:\/\/ayuntamientobonar.org\/en\/city-council\/municipal-corporation\/#primaryimage\",\"url\":\"https:\/\/ayuntamientobonar.org\/wp-content\/uploads\/2021\/06\/Escudo-de-Bonar-Noticias-e1629922641186.png\",\"contentUrl\":\"https:\/\/ayuntamientobonar.org\/wp-content\/uploads\/2021\/06\/Escudo-de-Bonar-Noticias-e1629922641186.png\",\"width\":200,\"height\":367},{\"@type\":\"BreadcrumbList\",\"@id\":\"https:\/\/ayuntamientobonar.org\/en\/city-council\/municipal-corporation\/#breadcrumb\",\"itemListElement\":[{\"@type\":\"ListItem\",\"position\":1,\"name\":\"Inicio\",\"item\":\"https:\/\/ayuntamientobonar.org\/en\/city-council\/\"},{\"@type\":\"ListItem\",\"position\":2,\"name\":\"City Council\",\"item\":\"https:\/\/ayuntamientobonar.org\/en\/city-council\/\"},{\"@type\":\"ListItem\",\"position\":3,\"name\":\"Municipal Corporation\"}]},{\"@type\":\"WebSite\",\"@id\":\"https:\/\/ayuntamientobonar.org\/en\/#website\",\"url\":\"https:\/\/ayuntamientobonar.org\/en\/\",\"name\":\"Bo\u00f1ar City Council\",\"description\":\"Bo\u00f1ar City Council website\",\"publisher\":{\"@id\":\"https:\/\/ayuntamientobonar.org\/en\/#organization\"},\"potentialAction\":[{\"@type\":\"SearchAction\",\"target\":{\"@type\":\"EntryPoint\",\"urlTemplate\":\"https:\/\/ayuntamientobonar.org\/en\/?s={search_term_string}\"},\"query-input\":{\"@type\":\"PropertyValueSpecification\",\"valueRequired\":true,\"valueName\":\"search_term_string\"}}],\"inLanguage\":\"en-US\"},{\"@type\":\"Organization\",\"@id\":\"https:\/\/ayuntamientobonar.org\/en\/#organization\",\"name\":\"Ayuntamiento de Bo\u00f1ar\",\"alternateName\":\"Ayuntamiento de Bo\u00f1ar\",\"url\":\"https:\/\/ayuntamientobonar.org\/en\/\",\"logo\":{\"@type\":\"ImageObject\",\"inLanguage\":\"en-US\",\"@id\":\"https:\/\/ayuntamientobonar.org\/en\/#\/schema\/logo\/image\/\",\"url\":\"https:\/\/ayuntamientobonar.org\/wp-content\/uploads\/2021\/05\/escudo-de-Bonar.png\",\"contentUrl\":\"https:\/\/ayuntamientobonar.org\/wp-content\/uploads\/2021\/05\/escudo-de-Bonar.png\",\"width\":439,\"height\":806,\"caption\":\"Ayuntamiento de Bo\u00f1ar\"},\"image\":{\"@id\":\"https:\/\/ayuntamientobonar.org\/en\/#\/schema\/logo\/image\/\"},\"sameAs\":[\"https:\/\/www.facebook.com\/ayuntamientobonar\/\",\"https:\/\/www.instagram.com\/turismobonar\/\"]}]}<\/script>\n<!-- \/ Yoast SEO plugin. -->","yoast_head_json":{"title":"Municipal Corporation - Bo\u00f1ar City Council - Le\u00f3n - Castilla y Le\u00f3n","description":"Members of the municipal corporation of the City Council of Bo\u00f1ar, Le\u00f3n, Castilla y Le\u00f3n.","robots":{"index":"index","follow":"follow","max-snippet":"max-snippet:-1","max-image-preview":"max-image-preview:large","max-video-preview":"max-video-preview:-1"},"canonical":"https:\/\/ayuntamientobonar.org\/en\/city-council\/municipal-corporation\/","og_locale":"en_US","og_type":"article","og_title":"Municipal Corporation - Bo\u00f1ar City Council - Le\u00f3n - Castilla y Le\u00f3n","og_description":"Members of the municipal corporation of the City Council of Bo\u00f1ar, Le\u00f3n, Castilla y Le\u00f3n.","og_url":"https:\/\/ayuntamientobonar.org\/en\/city-council\/municipal-corporation\/","og_site_name":"Bo\u00f1ar City Council","article_publisher":"https:\/\/www.facebook.com\/ayuntamientobonar\/","article_modified_time":"2024-05-16T09:20:34+00:00","og_image":[{"width":200,"height":367,"url":"https:\/\/ayuntamientobonar.org\/wp-content\/uploads\/2021\/06\/Escudo-de-Bonar-Noticias-e1629922641186.png","type":"image\/png"}],"twitter_card":"summary_large_image","twitter_misc":{"Est. reading time":"5 minutes"},"schema":{"@context":"https:\/\/schema.org","@graph":[{"@type":"WebPage","@id":"https:\/\/ayuntamientobonar.org\/en\/city-council\/municipal-corporation\/","url":"https:\/\/ayuntamientobonar.org\/en\/city-council\/municipal-corporation\/","name":"Municipal Corporation - Bo\u00f1ar City Council - Le\u00f3n - Castilla y Le\u00f3n","isPartOf":{"@id":"https:\/\/ayuntamientobonar.org\/en\/#website"},"primaryImageOfPage":{"@id":"https:\/\/ayuntamientobonar.org\/en\/city-council\/municipal-corporation\/#primaryimage"},"image":{"@id":"https:\/\/ayuntamientobonar.org\/en\/city-council\/municipal-corporation\/#primaryimage"},"thumbnailUrl":"https:\/\/ayuntamientobonar.org\/wp-content\/uploads\/2021\/06\/Escudo-de-Bonar-Noticias-e1629922641186.png","datePublished":"2022-08-12T19:14:59+00:00","dateModified":"2024-05-16T09:20:34+00:00","description":"Members of the municipal corporation of the City Council of Bo\u00f1ar, Le\u00f3n, Castilla y Le\u00f3n.","breadcrumb":{"@id":"https:\/\/ayuntamientobonar.org\/en\/city-council\/municipal-corporation\/#breadcrumb"},"inLanguage":"en-US","potentialAction":[{"@type":"ReadAction","target":["https:\/\/ayuntamientobonar.org\/en\/city-council\/municipal-corporation\/"]}]},{"@type":"ImageObject","inLanguage":"en-US","@id":"https:\/\/ayuntamientobonar.org\/en\/city-council\/municipal-corporation\/#primaryimage","url":"https:\/\/ayuntamientobonar.org\/wp-content\/uploads\/2021\/06\/Escudo-de-Bonar-Noticias-e1629922641186.png","contentUrl":"https:\/\/ayuntamientobonar.org\/wp-content\/uploads\/2021\/06\/Escudo-de-Bonar-Noticias-e1629922641186.png","width":200,"height":367},{"@type":"BreadcrumbList","@id":"https:\/\/ayuntamientobonar.org\/en\/city-council\/municipal-corporation\/#breadcrumb","itemListElement":[{"@type":"ListItem","position":1,"name":"Inicio","item":"https:\/\/ayuntamientobonar.org\/en\/city-council\/"},{"@type":"ListItem","position":2,"name":"City Council","item":"https:\/\/ayuntamientobonar.org\/en\/city-council\/"},{"@type":"ListItem","position":3,"name":"Municipal Corporation"}]},{"@type":"WebSite","@id":"https:\/\/ayuntamientobonar.org\/en\/#website","url":"https:\/\/ayuntamientobonar.org\/en\/","name":"Bo\u00f1ar City Council","description":"Bo\u00f1ar City Council website","publisher":{"@id":"https:\/\/ayuntamientobonar.org\/en\/#organization"},"potentialAction":[{"@type":"SearchAction","target":{"@type":"EntryPoint","urlTemplate":"https:\/\/ayuntamientobonar.org\/en\/?s={search_term_string}"},"query-input":{"@type":"PropertyValueSpecification","valueRequired":true,"valueName":"search_term_string"}}],"inLanguage":"en-US"},{"@type":"Organization","@id":"https:\/\/ayuntamientobonar.org\/en\/#organization","name":"Ayuntamiento de Bo\u00f1ar","alternateName":"Ayuntamiento de Bo\u00f1ar","url":"https:\/\/ayuntamientobonar.org\/en\/","logo":{"@type":"ImageObject","inLanguage":"en-US","@id":"https:\/\/ayuntamientobonar.org\/en\/#\/schema\/logo\/image\/","url":"https:\/\/ayuntamientobonar.org\/wp-content\/uploads\/2021\/05\/escudo-de-Bonar.png","contentUrl":"https:\/\/ayuntamientobonar.org\/wp-content\/uploads\/2021\/05\/escudo-de-Bonar.png","width":439,"height":806,"caption":"Ayuntamiento de Bo\u00f1ar"},"image":{"@id":"https:\/\/ayuntamientobonar.org\/en\/#\/schema\/logo\/image\/"},"sameAs":["https:\/\/www.facebook.com\/ayuntamientobonar\/","https:\/\/www.instagram.com\/turismobonar\/"]}]}},"_links":{"self":[{"href":"https:\/\/ayuntamientobonar.org\/en\/wp-json\/wp\/v2\/pages\/6674","targetHints":{"allow":["GET"]}}],"collection":[{"href":"https:\/\/ayuntamientobonar.org\/en\/wp-json\/wp\/v2\/pages"}],"about":[{"href":"https:\/\/ayuntamientobonar.org\/en\/wp-json\/wp\/v2\/types\/page"}],"author":[{"embeddable":true,"href":"https:\/\/ayuntamientobonar.org\/en\/wp-json\/wp\/v2\/users\/1"}],"replies":[{"embeddable":true,"href":"https:\/\/ayuntamientobonar.org\/en\/wp-json\/wp\/v2\/comments?post=6674"}],"version-history":[{"count":25,"href":"https:\/\/ayuntamientobonar.org\/en\/wp-json\/wp\/v2\/pages\/6674\/revisions"}],"predecessor-version":[{"id":9147,"href":"https:\/\/ayuntamientobonar.org\/en\/wp-json\/wp\/v2\/pages\/6674\/revisions\/9147"}],"up":[{"embeddable":true,"href":"https:\/\/ayuntamientobonar.org\/en\/wp-json\/wp\/v2\/pages\/6662"}],"wp:featuredmedia":[{"embeddable":true,"href":"https:\/\/ayuntamientobonar.org\/en\/wp-json\/wp\/v2\/media\/5218"}],"wp:attachment":[{"href":"https:\/\/ayuntamientobonar.org\/en\/wp-json\/wp\/v2\/media?parent=6674"}],"curies":[{"name":"wp","href":"https:\/\/api.w.org\/{rel}","templated":true}]}}