{"id":6712,"date":"2022-08-15T13:35:34","date_gmt":"2022-08-15T11:35:34","guid":{"rendered":"https:\/\/ayuntamientobonar.org\/municipality\/villages\/felechas\/"},"modified":"2022-08-15T13:35:35","modified_gmt":"2022-08-15T11:35:35","slug":"felechas","status":"publish","type":"page","link":"https:\/\/ayuntamientobonar.org\/en\/municipality\/villages\/felechas\/","title":{"rendered":"Felechas"},"content":{"rendered":"<p>[et_pb_section fb_built=&#8221;1&#8243; next_background_color=&#8221;#ffffff&#8221; admin_label=&#8221;Hero&#8221; _builder_version=&#8221;4.10.7&#8243; use_background_color_gradient=&#8221;on&#8221; background_color_gradient_start=&#8221;#283d4b&#8221; background_color_gradient_end=&#8221;rgba(128,103,79,0.5)&#8221; background_color_gradient_direction=&#8221;70deg&#8221; background_color_gradient_overlays_image=&#8221;on&#8221; background_enable_image=&#8221;off&#8221; custom_margin=&#8221;||||false|false&#8221; custom_padding=&#8221;6vw|||&#8221; bottom_divider_style=&#8221;mountains2&#8243; bottom_divider_height=&#8221;20vw&#8221; bottom_divider_repeat=&#8221;0.5x&#8221; bottom_divider_flip=&#8221;horizontal|vertical&#8221; global_colors_info=&#8221;{}&#8221;][et_pb_row _builder_version=&#8221;3.25&#8243; custom_margin=&#8221;|||&#8221; custom_padding=&#8221;27px|0px|0|0px|false|false&#8221; global_colors_info=&#8221;{}&#8221;][et_pb_column type=&#8221;4_4&#8243; _builder_version=&#8221;3.25&#8243; custom_padding=&#8221;|||&#8221; global_colors_info=&#8221;{}&#8221; custom_padding__hover=&#8221;|||&#8221;][et_pb_text _builder_version=&#8221;4.9.6&#8243; text_font=&#8221;||||||||&#8221; header_font=&#8221;Josefin Sans|700||on|||||&#8221; header_font_size=&#8221;90px&#8221; header_line_height=&#8221;1.4em&#8221; header_2_font=&#8221;Josefin Sans||||||||&#8221; header_2_text_color=&#8221;rgba(255,255,255,0.6)&#8221; header_2_font_size=&#8221;32px&#8221; header_2_line_height=&#8221;1.4em&#8221; background_layout=&#8221;dark&#8221; animation_style=&#8221;slide&#8221; animation_direction=&#8221;right&#8221; animation_intensity_slide=&#8221;4%&#8221; header_font_size_tablet=&#8221;50px&#8221; header_font_size_phone=&#8221;32px&#8221; header_font_size_last_edited=&#8221;on|desktop&#8221; header_2_font_size_tablet=&#8221;&#8221; header_2_font_size_phone=&#8221;24px&#8221; header_2_font_size_last_edited=&#8221;on|phone&#8221; global_colors_info=&#8221;{}&#8221;]<\/p>\n<h1>Felechas<\/h1>\n<h2>Town in the municipality of Bo\u00f1ar<\/h2>\n<p>[\/et_pb_text][\/et_pb_column][\/et_pb_row][et_pb_row use_custom_gutter=&#8221;on&#8221; gutter_width=&#8221;1&#8243; disabled_on=&#8221;on|off|off&#8221; module_class=&#8221; et_pb_row_fullwidth&#8221; _builder_version=&#8221;3.25&#8243; width=&#8221;100%&#8221; width_tablet=&#8221;100%&#8221; width_phone=&#8221;&#8221; width_last_edited=&#8221;on|desktop&#8221; max_width=&#8221;100%&#8221; max_width_tablet=&#8221;100%&#8221; max_width_phone=&#8221;&#8221; max_width_last_edited=&#8221;on|desktop&#8221; custom_margin=&#8221;37px|auto||auto||&#8221; make_fullwidth=&#8221;on&#8221; locked=&#8221;off&#8221; global_colors_info=&#8221;{}&#8221;][et_pb_column type=&#8221;4_4&#8243; _builder_version=&#8221;3.25&#8243; custom_padding=&#8221;|||&#8221; global_colors_info=&#8221;{}&#8221; custom_padding__hover=&#8221;|||&#8221;][et_pb_text _builder_version=&#8221;4.9.7&#8243; text_font=&#8221;Josefin Sans|700||on|||||&#8221; text_text_color=&#8221;rgba(255,255,255,0.2)&#8221; text_font_size=&#8221;10vw&#8221; text_line_height=&#8221;1em&#8221; quote_font=&#8221;||||||||&#8221; header_font=&#8221;||||||||&#8221; custom_margin=&#8221;||-0.4em|&#8221; custom_padding=&#8221;|||&#8221; filter_blur=&#8221;7px&#8221; animation_style=&#8221;slide&#8221; animation_direction=&#8221;right&#8221; animation_duration=&#8221;10000ms&#8221; animation_intensity_slide=&#8221;10%&#8221; animation_starting_opacity=&#8221;40%&#8221; animation_speed_curve=&#8221;linear&#8221; text_font_size_tablet=&#8221;124px&#8221; text_font_size_phone=&#8221;90px&#8221; text_font_size_last_edited=&#8221;off|desktop&#8221; global_colors_info=&#8221;{}&#8221;]<\/p>\n<p>Felechas<\/p>\n<p>[\/et_pb_text][\/et_pb_column][\/et_pb_row][\/et_pb_section][et_pb_section fb_built=&#8221;1&#8243; _builder_version=&#8221;4.10.7&#8243; custom_margin=&#8221;9px|||||&#8221; custom_padding=&#8221;0px|0px|0px|0|false|false&#8221; bottom_divider_height=&#8221;200px&#8221; bottom_divider_repeat=&#8221;0.5x&#8221; hover_enabled=&#8221;0&#8243; locked=&#8221;off&#8221; global_colors_info=&#8221;{}&#8221; sticky_enabled=&#8221;0&#8243; animation_style=&#8221;fade&#8221;][et_pb_row column_structure=&#8221;1_2,1_2&#8243; _builder_version=&#8221;4.9.7&#8243; _module_preset=&#8221;default&#8221; global_colors_info=&#8221;{}&#8221;][et_pb_column type=&#8221;1_2&#8243; _builder_version=&#8221;4.9.6&#8243; _module_preset=&#8221;default&#8221; global_colors_info=&#8221;{}&#8221;][et_pb_image src=&#8221;https:\/\/ayuntamientobonar.org\/wp-content\/uploads\/2021\/05\/Vista_generala_Felechas.jpg&#8221; alt=&#8221;Overview of Felechas&#8221; title_text=&#8221;Overview of Felechas&#8221; _builder_version=&#8221;4.9.7&#8243; _module_preset=&#8221;default&#8221; border_radii=&#8221;on|5%|5%|5%|5%&#8221; box_shadow_style=&#8221;preset2&#8243; global_colors_info=&#8221;{}&#8221;][\/et_pb_image][\/et_pb_column][et_pb_column type=&#8221;1_2&#8243; _builder_version=&#8221;4.9.6&#8243; _module_preset=&#8221;default&#8221; global_colors_info=&#8221;{}&#8221;][et_pb_text _builder_version=&#8221;4.9.7&#8243; text_font=&#8221;Open Sans||||||||&#8221; text_font_size=&#8221;20px&#8221; text_line_height=&#8221;1.8em&#8221; header_font=&#8221;||||||||&#8221; header_text_color=&#8221;rgba(0,0,0,0)&#8221; header_2_font=&#8221;Josefin Sans|700|||||||&#8221; header_2_font_size=&#8221;48px&#8221; header_2_line_height=&#8221;1.4em&#8221; header_3_font=&#8221;Josefin Sans|700||on|||||&#8221; header_3_text_color=&#8221;rgba(43,51,68,0.2)&#8221; max_width=&#8221;100%&#8221; custom_margin=&#8221;|||&#8221; custom_padding=&#8221;|||&#8221; header_2_font_size_tablet=&#8221;&#8221; header_2_font_size_phone=&#8221;24px&#8221; header_2_font_size_last_edited=&#8221;on|phone&#8221; header_2_line_height_tablet=&#8221;1.4em&#8221; header_2_line_height_last_edited=&#8221;off|desktop&#8221; locked=&#8221;off&#8221; global_colors_info=&#8221;{}&#8221;]<\/p>\n<p><strong>(FILICTUM or fern, which means a place populated by ferns).<\/strong><\/p>\n<p>It is first mentioned in the year 961 under the name FELECTAS. This village was part of the county of Colle. It is 8.5 km from Bo\u00f1ar.<\/p>\n<p>The parish church dates back to the 14th century and its patron saint is Santa Lucia. It is worth mentioning a Visigothic remains from the 9th century that has been attached to the main altar.<\/p>\n<p>&nbsp;<\/p>\n<p>[\/et_pb_text][\/et_pb_column][\/et_pb_row][et_pb_row _builder_version=&#8221;4.9.4&#8243; _module_preset=&#8221;default&#8221; global_colors_info=&#8221;{}&#8221;][et_pb_column type=&#8221;4_4&#8243; _builder_version=&#8221;4.9.4&#8243; _module_preset=&#8221;default&#8221; global_colors_info=&#8221;{}&#8221;][et_pb_divider divider_position=&#8221;center&#8221; divider_weight=&#8221;2px&#8221; _builder_version=&#8221;4.9.4&#8243; _module_preset=&#8221;default&#8221; width=&#8221;100%&#8221; custom_padding=&#8221;||0px|||&#8221; global_colors_info=&#8221;{}&#8221;][\/et_pb_divider][et_pb_text _builder_version=&#8221;4.9.7&#8243; text_font=&#8221;Open Sans||||||||&#8221; text_font_size=&#8221;20px&#8221; text_line_height=&#8221;1.8em&#8221; header_font=&#8221;||||||||&#8221; header_text_color=&#8221;rgba(0,0,0,0)&#8221; header_2_font=&#8221;Josefin Sans|700|||||||&#8221; header_2_font_size=&#8221;48px&#8221; header_2_line_height=&#8221;1.4em&#8221; header_3_font=&#8221;Josefin Sans|700||on|||||&#8221; header_3_text_color=&#8221;rgba(43,51,68,0.2)&#8221; max_width=&#8221;100%&#8221; custom_margin=&#8221;|||&#8221; custom_padding=&#8221;|||&#8221; header_2_font_size_tablet=&#8221;&#8221; header_2_font_size_phone=&#8221;24px&#8221; header_2_font_size_last_edited=&#8221;on|phone&#8221; header_2_line_height_tablet=&#8221;1.4em&#8221; header_2_line_height_last_edited=&#8221;off|desktop&#8221; locked=&#8221;off&#8221; global_colors_info=&#8221;{}&#8221;]<\/p>\n<p>Felechas is the village in Le\u00f3n with the largest number of h\u00f3rreos, forming a sort of avenue at the entrance to the village. According to tradition, the tithes and first payments to the church were kept in one of them.<\/p>\n<p>There are remains of a Celtic castro, a cave full of human remains and the foundations of the hermitage of Santa Maria.<\/p>\n<p>It used to celebrate the festivities on 27 September, in honour of Santa Lucia, now moved to August.<\/p>\n<p>[\/et_pb_text][et_pb_divider divider_position=&#8221;center&#8221; divider_weight=&#8221;2px&#8221; _builder_version=&#8221;4.9.4&#8243; _module_preset=&#8221;default&#8221; width=&#8221;100%&#8221; global_colors_info=&#8221;{}&#8221;][\/et_pb_divider][\/et_pb_column][\/et_pb_row][\/et_pb_section]<\/p>\n","protected":false},"excerpt":{"rendered":"<p>Felechas Town in the municipality of Bo\u00f1arFelechas(FILICTUM or fern, which means a place populated by ferns). It is first mentioned in the year 961 under the name FELECTAS. This village was part of the county of Colle. It is 8.5 km from Bo\u00f1ar. The parish church dates back to the 14th century and its patron [&hellip;]<\/p>\n","protected":false},"author":1,"featured_media":0,"parent":6646,"menu_order":0,"comment_status":"closed","ping_status":"closed","template":"","meta":{"_et_pb_use_builder":"on","_et_pb_old_content":"","_et_gb_content_width":"","footnotes":""},"class_list":["post-6712","page","type-page","status-publish","hentry"],"yoast_head":"<!-- This site is optimized with the Yoast SEO plugin v27.1.1 - https:\/\/yoast.com\/product\/yoast-seo-wordpress\/ -->\n<title>Felechas - Bo\u00f1ar City Council - Le\u00f3n - Castilla y Le\u00f3n<\/title>\n<meta name=\"description\" content=\"Felechas is the village in Le\u00f3n with the largest number of h\u00f3rreos, forming a sort of avenue at the entrance to the village.\" \/>\n<meta name=\"robots\" content=\"index, follow, max-snippet:-1, max-image-preview:large, max-video-preview:-1\" \/>\n<link rel=\"canonical\" href=\"https:\/\/ayuntamientobonar.org\/en\/municipality\/villages\/felechas\/\" \/>\n<meta property=\"og:locale\" content=\"en_US\" \/>\n<meta property=\"og:type\" content=\"article\" \/>\n<meta property=\"og:title\" content=\"Felechas - Bo\u00f1ar City Council - Le\u00f3n - Castilla y Le\u00f3n\" \/>\n<meta property=\"og:description\" content=\"Felechas is the village in Le\u00f3n with the largest number of h\u00f3rreos, forming a sort of avenue at the entrance to the village.\" \/>\n<meta property=\"og:url\" content=\"https:\/\/ayuntamientobonar.org\/en\/municipality\/villages\/felechas\/\" \/>\n<meta property=\"og:site_name\" content=\"Bo\u00f1ar City Council\" \/>\n<meta property=\"article:publisher\" content=\"https:\/\/www.facebook.com\/ayuntamientobonar\/\" \/>\n<meta property=\"article:modified_time\" content=\"2022-08-15T11:35:35+00:00\" \/>\n<meta name=\"twitter:card\" content=\"summary_large_image\" \/>\n<meta name=\"twitter:label1\" content=\"Est. reading time\" \/>\n\t<meta name=\"twitter:data1\" content=\"4 minutes\" \/>\n<script type=\"application\/ld+json\" class=\"yoast-schema-graph\">{\"@context\":\"https:\/\/schema.org\",\"@graph\":[{\"@type\":\"WebPage\",\"@id\":\"https:\/\/ayuntamientobonar.org\/en\/municipality\/villages\/felechas\/\",\"url\":\"https:\/\/ayuntamientobonar.org\/en\/municipality\/villages\/felechas\/\",\"name\":\"Felechas - Bo\u00f1ar City Council - Le\u00f3n - Castilla y Le\u00f3n\",\"isPartOf\":{\"@id\":\"https:\/\/ayuntamientobonar.org\/en\/#website\"},\"datePublished\":\"2022-08-15T11:35:34+00:00\",\"dateModified\":\"2022-08-15T11:35:35+00:00\",\"description\":\"Felechas is the village in Le\u00f3n with the largest number of h\u00f3rreos, forming a sort of avenue at the entrance to the village.\",\"breadcrumb\":{\"@id\":\"https:\/\/ayuntamientobonar.org\/en\/municipality\/villages\/felechas\/#breadcrumb\"},\"inLanguage\":\"en-US\",\"potentialAction\":[{\"@type\":\"ReadAction\",\"target\":[\"https:\/\/ayuntamientobonar.org\/en\/municipality\/villages\/felechas\/\"]}]},{\"@type\":\"BreadcrumbList\",\"@id\":\"https:\/\/ayuntamientobonar.org\/en\/municipality\/villages\/felechas\/#breadcrumb\",\"itemListElement\":[{\"@type\":\"ListItem\",\"position\":1,\"name\":\"Inicio\",\"item\":\"https:\/\/ayuntamientobonar.org\/en\/city-council\/\"},{\"@type\":\"ListItem\",\"position\":2,\"name\":\"Municipality\",\"item\":\"https:\/\/ayuntamientobonar.org\/en\/municipality\/\"},{\"@type\":\"ListItem\",\"position\":3,\"name\":\"Villages\",\"item\":\"https:\/\/ayuntamientobonar.org\/en\/municipality\/villages\/\"},{\"@type\":\"ListItem\",\"position\":4,\"name\":\"Felechas\"}]},{\"@type\":\"WebSite\",\"@id\":\"https:\/\/ayuntamientobonar.org\/en\/#website\",\"url\":\"https:\/\/ayuntamientobonar.org\/en\/\",\"name\":\"Bo\u00f1ar City Council\",\"description\":\"Bo\u00f1ar City Council website\",\"publisher\":{\"@id\":\"https:\/\/ayuntamientobonar.org\/en\/#organization\"},\"potentialAction\":[{\"@type\":\"SearchAction\",\"target\":{\"@type\":\"EntryPoint\",\"urlTemplate\":\"https:\/\/ayuntamientobonar.org\/en\/?s={search_term_string}\"},\"query-input\":{\"@type\":\"PropertyValueSpecification\",\"valueRequired\":true,\"valueName\":\"search_term_string\"}}],\"inLanguage\":\"en-US\"},{\"@type\":\"Organization\",\"@id\":\"https:\/\/ayuntamientobonar.org\/en\/#organization\",\"name\":\"Ayuntamiento de Bo\u00f1ar\",\"alternateName\":\"Ayuntamiento de Bo\u00f1ar\",\"url\":\"https:\/\/ayuntamientobonar.org\/en\/\",\"logo\":{\"@type\":\"ImageObject\",\"inLanguage\":\"en-US\",\"@id\":\"https:\/\/ayuntamientobonar.org\/en\/#\/schema\/logo\/image\/\",\"url\":\"https:\/\/ayuntamientobonar.org\/wp-content\/uploads\/2021\/05\/escudo-de-Bonar.png\",\"contentUrl\":\"https:\/\/ayuntamientobonar.org\/wp-content\/uploads\/2021\/05\/escudo-de-Bonar.png\",\"width\":439,\"height\":806,\"caption\":\"Ayuntamiento de Bo\u00f1ar\"},\"image\":{\"@id\":\"https:\/\/ayuntamientobonar.org\/en\/#\/schema\/logo\/image\/\"},\"sameAs\":[\"https:\/\/www.facebook.com\/ayuntamientobonar\/\",\"https:\/\/www.instagram.com\/turismobonar\/\"]}]}<\/script>\n<!-- \/ Yoast SEO plugin. -->","yoast_head_json":{"title":"Felechas - Bo\u00f1ar City Council - Le\u00f3n - Castilla y Le\u00f3n","description":"Felechas is the village in Le\u00f3n with the largest number of h\u00f3rreos, forming a sort of avenue at the entrance to the village.","robots":{"index":"index","follow":"follow","max-snippet":"max-snippet:-1","max-image-preview":"max-image-preview:large","max-video-preview":"max-video-preview:-1"},"canonical":"https:\/\/ayuntamientobonar.org\/en\/municipality\/villages\/felechas\/","og_locale":"en_US","og_type":"article","og_title":"Felechas - Bo\u00f1ar City Council - Le\u00f3n - Castilla y Le\u00f3n","og_description":"Felechas is the village in Le\u00f3n with the largest number of h\u00f3rreos, forming a sort of avenue at the entrance to the village.","og_url":"https:\/\/ayuntamientobonar.org\/en\/municipality\/villages\/felechas\/","og_site_name":"Bo\u00f1ar City Council","article_publisher":"https:\/\/www.facebook.com\/ayuntamientobonar\/","article_modified_time":"2022-08-15T11:35:35+00:00","twitter_card":"summary_large_image","twitter_misc":{"Est. reading time":"4 minutes"},"schema":{"@context":"https:\/\/schema.org","@graph":[{"@type":"WebPage","@id":"https:\/\/ayuntamientobonar.org\/en\/municipality\/villages\/felechas\/","url":"https:\/\/ayuntamientobonar.org\/en\/municipality\/villages\/felechas\/","name":"Felechas - Bo\u00f1ar City Council - Le\u00f3n - Castilla y Le\u00f3n","isPartOf":{"@id":"https:\/\/ayuntamientobonar.org\/en\/#website"},"datePublished":"2022-08-15T11:35:34+00:00","dateModified":"2022-08-15T11:35:35+00:00","description":"Felechas is the village in Le\u00f3n with the largest number of h\u00f3rreos, forming a sort of avenue at the entrance to the village.","breadcrumb":{"@id":"https:\/\/ayuntamientobonar.org\/en\/municipality\/villages\/felechas\/#breadcrumb"},"inLanguage":"en-US","potentialAction":[{"@type":"ReadAction","target":["https:\/\/ayuntamientobonar.org\/en\/municipality\/villages\/felechas\/"]}]},{"@type":"BreadcrumbList","@id":"https:\/\/ayuntamientobonar.org\/en\/municipality\/villages\/felechas\/#breadcrumb","itemListElement":[{"@type":"ListItem","position":1,"name":"Inicio","item":"https:\/\/ayuntamientobonar.org\/en\/city-council\/"},{"@type":"ListItem","position":2,"name":"Municipality","item":"https:\/\/ayuntamientobonar.org\/en\/municipality\/"},{"@type":"ListItem","position":3,"name":"Villages","item":"https:\/\/ayuntamientobonar.org\/en\/municipality\/villages\/"},{"@type":"ListItem","position":4,"name":"Felechas"}]},{"@type":"WebSite","@id":"https:\/\/ayuntamientobonar.org\/en\/#website","url":"https:\/\/ayuntamientobonar.org\/en\/","name":"Bo\u00f1ar City Council","description":"Bo\u00f1ar City Council website","publisher":{"@id":"https:\/\/ayuntamientobonar.org\/en\/#organization"},"potentialAction":[{"@type":"SearchAction","target":{"@type":"EntryPoint","urlTemplate":"https:\/\/ayuntamientobonar.org\/en\/?s={search_term_string}"},"query-input":{"@type":"PropertyValueSpecification","valueRequired":true,"valueName":"search_term_string"}}],"inLanguage":"en-US"},{"@type":"Organization","@id":"https:\/\/ayuntamientobonar.org\/en\/#organization","name":"Ayuntamiento de Bo\u00f1ar","alternateName":"Ayuntamiento de Bo\u00f1ar","url":"https:\/\/ayuntamientobonar.org\/en\/","logo":{"@type":"ImageObject","inLanguage":"en-US","@id":"https:\/\/ayuntamientobonar.org\/en\/#\/schema\/logo\/image\/","url":"https:\/\/ayuntamientobonar.org\/wp-content\/uploads\/2021\/05\/escudo-de-Bonar.png","contentUrl":"https:\/\/ayuntamientobonar.org\/wp-content\/uploads\/2021\/05\/escudo-de-Bonar.png","width":439,"height":806,"caption":"Ayuntamiento de Bo\u00f1ar"},"image":{"@id":"https:\/\/ayuntamientobonar.org\/en\/#\/schema\/logo\/image\/"},"sameAs":["https:\/\/www.facebook.com\/ayuntamientobonar\/","https:\/\/www.instagram.com\/turismobonar\/"]}]}},"_links":{"self":[{"href":"https:\/\/ayuntamientobonar.org\/en\/wp-json\/wp\/v2\/pages\/6712","targetHints":{"allow":["GET"]}}],"collection":[{"href":"https:\/\/ayuntamientobonar.org\/en\/wp-json\/wp\/v2\/pages"}],"about":[{"href":"https:\/\/ayuntamientobonar.org\/en\/wp-json\/wp\/v2\/types\/page"}],"author":[{"embeddable":true,"href":"https:\/\/ayuntamientobonar.org\/en\/wp-json\/wp\/v2\/users\/1"}],"replies":[{"embeddable":true,"href":"https:\/\/ayuntamientobonar.org\/en\/wp-json\/wp\/v2\/comments?post=6712"}],"version-history":[{"count":2,"href":"https:\/\/ayuntamientobonar.org\/en\/wp-json\/wp\/v2\/pages\/6712\/revisions"}],"predecessor-version":[{"id":6714,"href":"https:\/\/ayuntamientobonar.org\/en\/wp-json\/wp\/v2\/pages\/6712\/revisions\/6714"}],"up":[{"embeddable":true,"href":"https:\/\/ayuntamientobonar.org\/en\/wp-json\/wp\/v2\/pages\/6646"}],"wp:attachment":[{"href":"https:\/\/ayuntamientobonar.org\/en\/wp-json\/wp\/v2\/media?parent=6712"}],"curies":[{"name":"wp","href":"https:\/\/api.w.org\/{rel}","templated":true}]}}